{"id":28,"date":"2020-05-11T12:48:21","date_gmt":"2020-05-11T12:48:21","guid":{"rendered":"https:\/\/redibai.org\/red\/?page_id=28"},"modified":"2021-07-06T17:55:38","modified_gmt":"2021-07-06T17:55:38","slug":"contact-us","status":"publish","type":"page","link":"https:\/\/redibai.org\/?page_id=28","title":{"rendered":"Cont\u00e1ctanos"},"content":{"rendered":"[vc_row][vc_column][vc_gmaps link=&#8221;#E-8_JTNDaWZyYW1lJTIwc3JjJTNEJTIyaHR0cHMlM0ElMkYlMkZ3d3cuZ29vZ2xlLmNvbSUyRm1hcHMlMkZlbWJlZCUzRnBiJTNEJTIxMW0xOCUyMTFtMTIlMjExbTMlMjExZDIzNzkxLjk0ODQ4Njg1NTc0NSUyMTJkLTk2LjkyNzAxNDc0NzU0MzA4JTIxM2QxOS41NDEzOTczNzQwNjMzNjUlMjEybTMlMjExZjAlMjEyZjAlMjEzZjAlMjEzbTIlMjExaTEwMjQlMjEyaTc2OCUyMTRmMTMuMSUyMTNtMyUyMTFtMiUyMTFzMHg4NWRiMmUwNDMyNTEyOTRiJTI1M0EweDdiZDM3MzBjNjI4NGU2NSUyMTJzQXYuJTI1MjBNYW51ZWwlMjUyMCUyNUMzJTI1ODF2aWxhJTI1MjBDYW1hY2hvJTI1MjAyNDAlMjUyQyUyNTIwWm9uYSUyNTIwQ2VudHJvJTI1MkMlMjUyMENlbnRybyUyNTJDJTI1MjA5MTAwMCUyNTIwWGFsYXBhLUVuciUyNUMzJTI1QURxdWV6JTI1MkMlMjUyMFZlci4lMjE1ZTAlMjEzbTIlMjExc2VzLTQxOSUyMTJzbXglMjE0djE2MjU1MjAzNTMzNjclMjE1bTIlMjExc2VzLTQxOSUyMTJzbXglMjIlMjB3aWR0aCUzRCUyMjYwMCUyMiUyMGhlaWdodCUzRCUyMjQ1MCUyMiUyMHN0eWxlJTNEJTIyYm9yZGVyJTNBMCUzQiUyMiUyMGFsbG93ZnVsbHNjcmVlbiUzRCUyMiUyMiUyMGxvYWRpbmclM0QlMjJsYXp5JTIyJTNFJTNDJTJGaWZyYW1lJTNFJTNF&#8221;]<span class=\"et-gap et-clearfix et-gap-947140\"><\/span>[\/vc_column][\/vc_row][vc_row gap=&#8221;40&#8243; equal_height=&#8221;yes&#8221; element_id=&#8221;289895&#8243; css=&#8221;.vc_custom_1590687552039{padding-bottom: 72px !important;}&#8221;][vc_column animation_delay=&#8221;0&#8243; width=&#8221;1\/2&#8243; element_id=&#8221;781644&#8243; offset=&#8221;vc_col-lg-8 vc_col-md-7 vc_col-xs-12&#8243; crp=&#8221;374:i:i,375-767:i:i,768-1023:i:i,1024-1279:i:i,1280-1599:i:i,1600-1919:i:i&#8221;]<p class=\"et-heading text-align-left highlight-false\" id=\"et-heading-971738\" ><span class=\"text-wrapper\"><span class=\"text\">Si quieres informes sobre c\u00f3mo publicar tus libros acad\u00e9micos, participar en congresos o acceder a una oferta eductaiva a nivel maestr\u00eda y doctorado, ponte en contacto con nosotros via Whtasapp o Telegram o ll\u00e1manos directamente y te atenderemos con mucho gusto.<\/span><span class=\"curtain\"><\/span><\/span><\/p><span class=\"et-gap et-clearfix et-gap-947140\"><\/span>[\/vc_column][vc_column animation_delay=&#8221;0&#8243; shadow=&#8221;true&#8221; width=&#8221;1\/2&#8243; element_id=&#8221;726406&#8243; css=&#8221;.vc_custom_1590687737199{padding-top: 48px !important;padding-right: 32px !important;padding-bottom: 48px !important;padding-left: 32px !important;background-color: #ffffff !important;}&#8221; crp=&#8221;374:10:10,375-767:i:i,768-1023:i:i,1024-1279:i:i,1280-1599:i:i,1600-1919:i:i&#8221; offset=&#8221;vc_col-lg-4 vc_col-md-5 vc_col-xs-12&#8243;]<h1 class=\"et-heading text-align-left highlight-false\" id=\"et-heading-671035\" ><span class=\"text-wrapper\"><span class=\"text\">CORPORATE HEADQUARTERS<\/span><span class=\"curtain\"><\/span><\/span><\/h1><div id=\"et-icon-box-container-861974\" class=\"columns-1 et-icon-box-container gap-false top\" data-animation=\"none\"><div id=\"et-icon-box-466811\" class=\"et-icon-box vci icon-position-left icon-alignment-left animation-none small-x no-content\" data-effect=\"none\"><div class=\"et-icon-box-inner et-clearfix small-x\"><div class=\"et-icon-content\"><h5 class=\"et-icon-box-title\">Av. Manuel \u00c1vila Camacho 240-4 Col. Centro 91000 Xalapa, Ver. M\u00e9xico<\/h5><\/div><\/div><\/div><div id=\"et-icon-box-226047\" class=\"et-icon-box vci icon-position-left icon-alignment-left animation-none small-x no-content\" data-effect=\"none\"><div class=\"et-icon-box-inner et-clearfix small-x\"><div class=\"et-icon-content\"><h5 class=\"et-icon-box-title\">2288470780<\/h5><\/div><\/div><\/div><div id=\"et-icon-box-14189\" class=\"et-icon-box vci icon-position-left icon-alignment-left animation-none small-x no-content\" data-effect=\"none\"><div class=\"et-icon-box-inner et-clearfix small-x\"><div class=\"et-icon-content\"><h5 class=\"et-icon-box-title\">redibai@hotmail.com<\/h5><\/div><\/div><\/div><\/div><span class=\"et-gap et-clearfix et-gap-92258\"><\/span><p class=\"et-heading text-align-left highlight-false\" id=\"et-heading-411530\" ><span class=\"text-wrapper\"><span class=\"text\">Follow us<\/span><span class=\"curtain\"><\/span><\/span><\/p><span class=\"et-gap et-clearfix et-gap-829595\"><\/span><div id=\"et-social-links-710834\" class=\"et-social-links styling-original-false size-small free\"><a class=\"facebook\" href=\"#\" target=\"_self\" title=\"facebook\"><\/a><a class=\"instagram\" href=\"#\" target=\"_self\" title=\"instagram\"><\/a><a class=\"linkedin\" href=\"#\" target=\"_self\" title=\"linkedin\"><\/a><a class=\"skype\" href=\"#\" target=\"_self\" title=\"skype\"><\/a><a class=\"twitter\" href=\"#\" target=\"_self\" title=\"twitter\"><\/a><\/div>[\/vc_column][\/vc_row]\n","protected":false},"excerpt":{"rendered":"<p>[vc_row][vc_column][vc_gmaps link=&#8221;#E-8_JTNDaWZyYW1lJTIwc3JjJTNEJTIyaHR0cHMlM0ElMkYlMkZ3d3cuZ29vZ2xlLmNvbSUyRm1hcHMlMkZlbWJlZCUzRnBiJTNEJTIxMW0xOCUyMTFtMTIlMjExbTMlMjExZDIzNzkxLjk0ODQ4Njg1NTc0NSUyMTJkLTk2LjkyNzAxNDc0NzU0MzA4JTIxM2QxOS41NDEzOTczNzQwNjMzNjUlMjEybTMlMjExZjAlMjEyZjAlMjEzZjAlMjEzbTIlMjExaTEwMjQlMjEyaTc2OCUyMTRmMTMuMSUyMTNtMyUyMTFtMiUyMTFzMHg4NWRiMmUwNDMyNTEyOTRiJTI1M0EweDdiZDM3MzBjNjI4NGU2NSUyMTJzQXYuJTI1MjBNYW51ZWwlMjUyMCUyNUMzJTI1ODF2aWxhJTI1MjBDYW1hY2hvJTI1MjAyNDAlMjUyQyUyNTIwWm9uYSUyNTIwQ2VudHJvJTI1MkMlMjUyMENlbnRybyUyNTJDJTI1MjA5MTAwMCUyNTIwWGFsYXBhLUVuciUyNUMzJTI1QURxdWV6JTI1MkMlMjUyMFZlci4lMjE1ZTAlMjEzbTIlMjExc2VzLTQxOSUyMTJzbXglMjE0djE2MjU1MjAzNTMzNjclMjE1bTIlMjExc2VzLTQxOSUyMTJzbXglMjIlMjB3aWR0aCUzRCUyMjYwMCUyMiUyMGhlaWdodCUzRCUyMjQ1MCUyMiUyMHN0eWxlJTNEJTIyYm9yZGVyJTNBMCUzQiUyMiUyMGFsbG93ZnVsbHNjcmVlbiUzRCUyMiUyMiUyMGxvYWRpbmclM0QlMjJsYXp5JTIyJTNFJTNDJTJGaWZyYW1lJTNFJTNF&#8221;][\/vc_column][\/vc_row][vc_row gap=&#8221;40&#8243; equal_height=&#8221;yes&#8221; element_id=&#8221;289895&#8243; css=&#8221;.vc_custom_1590687552039{padding-bottom: 72px !important;}&#8221;][vc_column animation_delay=&#8221;0&#8243; width=&#8221;1\/2&#8243; element_id=&#8221;781644&#8243; offset=&#8221;vc_col-lg-8 vc_col-md-7 vc_col-xs-12&#8243; crp=&#8221;374:i:i,375-767:i:i,768-1023:i:i,1024-1279:i:i,1280-1599:i:i,1600-1919:i:i&#8221;][\/vc_column][vc_column animation_delay=&#8221;0&#8243; shadow=&#8221;true&#8221; width=&#8221;1\/2&#8243; element_id=&#8221;726406&#8243; css=&#8221;.vc_custom_1590687737199{padding-top: 48px !important;padding-right: 32px !important;padding-bottom: 48px !important;padding-left: 32px !important;background-color: #ffffff !important;}&#8221; crp=&#8221;374:10:10,375-767:i:i,768-1023:i:i,1024-1279:i:i,1280-1599:i:i,1600-1919:i:i&#8221; offset=&#8221;vc_col-lg-4 vc_col-md-5 vc_col-xs-12&#8243;][\/vc_column][\/vc_row]<\/p>\n","protected":false},"author":1,"featured_media":0,"parent":0,"menu_order":0,"comment_status":"closed","ping_status":"closed","template":"page-vc.php","meta":[],"_links":{"self":[{"href":"https:\/\/redibai.org\/index.php?rest_route=\/wp\/v2\/pages\/28"}],"collection":[{"href":"https:\/\/redibai.org\/index.php?rest_route=\/wp\/v2\/pages"}],"about":[{"href":"https:\/\/redibai.org\/index.php?rest_route=\/wp\/v2\/types\/page"}],"author":[{"embeddable":true,"href":"https:\/\/redibai.org\/index.php?rest_route=\/wp\/v2\/users\/1"}],"replies":[{"embeddable":true,"href":"https:\/\/redibai.org\/index.php?rest_route=%2Fwp%2Fv2%2Fcomments&post=28"}],"version-history":[{"count":2,"href":"https:\/\/redibai.org\/index.php?rest_route=\/wp\/v2\/pages\/28\/revisions"}],"predecessor-version":[{"id":2687,"href":"https:\/\/redibai.org\/index.php?rest_route=\/wp\/v2\/pages\/28\/revisions\/2687"}],"wp:attachment":[{"href":"https:\/\/redibai.org\/index.php?rest_route=%2Fwp%2Fv2%2Fmedia&parent=28"}],"curies":[{"name":"wp","href":"https:\/\/api.w.org\/{rel}","templated":true}]}}