{"id":2706,"date":"2021-07-07T18:19:34","date_gmt":"2021-07-07T18:19:34","guid":{"rendered":"https:\/\/redibai.org\/red\/?page_id=2706"},"modified":"2021-07-12T06:19:29","modified_gmt":"2021-07-12T06:19:29","slug":"ciri-2021","status":"publish","type":"page","link":"https:\/\/redibai.org\/?page_id=2706","title":{"rendered":"CIRI 2021"},"content":{"rendered":"[vc_row][vc_column][vc_column_text animation_delay=&#8221;0&#8243;]\n<h3 style=\"text-align: center;\"><strong>Congreso Internacional de Resultados de Investigaci\u00f3n CIRI 2021<\/strong>.<\/h3>\n<h4>Convocatoria dirigida a cuerpos acad\u00e9micos, grupos disciplinarios y miembros de redes tem\u00e1ticas Conacyt y PRODEP<\/h4>\n[\/vc_column_text]<span class=\"et-gap et-clearfix et-gap-371053\"><\/span>[vc_separator border_width=&#8221;2&#8243;]<span class=\"et-gap et-clearfix et-gap-371053\"><\/span>[\/vc_column][\/vc_row][vc_row][vc_column width=&#8221;1\/2&#8243;][vc_single_image image=&#8221;2606&#8243;][\/vc_column][vc_column width=&#8221;1\/2&#8243;][vc_cta h2=&#8221;Participa en este magno evento!&#8221;]Baja la convocatoria para participar en la edici\u00f3n de CIRI 2021; evento que estar\u00e1 coordinado por el\u00a0<strong>TecNM Campus \u00darsulo Galv\u00e1n<\/strong> y del <strong>Instituto de Investigaciones y Estudios Superiores de las Ciencias Administrativas de la Universidad Veracruzana<\/strong>, en el marco de la celebraci\u00f3n de los <strong>45 a\u00f1os de vida acad\u00e9mica, de investigaci\u00f3n y desarrollo tecnol\u00f3gico de ambas instituciones.<\/strong><\/p>\n<h3 style=\"text-align: center;\"><a href=\"https:\/\/redibai.org\/red\/wp-content\/uploads\/CONVOCATORIA-CIRI-2021.pdf\" target=\"_blank\" rel=\"noopener\">CONVOCATORIA CIRI 2021<\/a><\/h3>\n[\/vc_cta][\/vc_column][\/vc_row][vc_row][vc_column]<span class=\"et-gap et-clearfix et-gap-371053\"><\/span>[vc_separator border_width=&#8221;2&#8243;]<span class=\"et-gap et-clearfix et-gap-371053\"><\/span>[vc_separator border_width=&#8221;2&#8243;][\/vc_column][\/vc_row][vc_row][vc_column][vc_column_text animation_delay=&#8221;0&#8243;]\n<h3 style=\"text-align: center;\">BASES GENERALES<\/h3>\n<p>Con el fin de fortalecer y desarrollar los objetivos y metas acad\u00e9micas de los Cuerpos Acad\u00e9micos y grupos disciplinarios de las Instituciones de Educaci\u00f3n Superior y Tecnol\u00f3gicas Nacionales e Internacionales y el trabajo multi e interdisciplinario de las Redes Tem\u00e1ticas CONACYT, la convocatoria est\u00e1 dirigida a participar en ponencias y trabajos que aporten al cultivo de las L\u00edneas Innovadoras de Investigaci\u00f3n Aplicada y Desarrollo Tecnol\u00f3gico (LIIADT) y las L\u00edneas de Generaci\u00f3n y Aplicaci\u00f3n del Conocimiento (LGAC) de investigaci\u00f3n o estudio en temas disciplinares o multidisciplinares orientadas al desarrollo del bienestar social y econ\u00f3mico principalmente en la asimilaci\u00f3n, transferencia y mejora de tecnolog\u00edas existentes, procesos productivos, educativos \u00a0y empresariales de las regiones del pa\u00eds.<\/p>\n<p>Ante tal reto, se presentan las siguientes mesas de trabajo:<\/p>\n<ol>\n<li><strong>MESA DE INNOVACI\u00d3N TECNOL\u00d3GICA<\/strong><\/li>\n<\/ol>\n<ol start=\"2\">\n<li><strong>MESA DE INNOVACI\u00d3N PRODUCTIVA<\/strong><\/li>\n<\/ol>\n<ol start=\"3\">\n<li><strong>MESA DE INNOVACI\u00d3N EMPRESARIAL<\/strong><\/li>\n<\/ol>\n<ol start=\"4\">\n<li><strong>MESA DE INNOVACI\u00d3N EDUCATIVA<\/strong><\/li>\n<\/ol>\n<ol start=\"5\">\n<li><strong>MESA DE INNOVACI\u00d3N SOCIAL<\/strong><\/li>\n<\/ol>\n<p>&nbsp;<\/p>\n<h3 style=\"text-align: center;\">Estructura del Congreso<\/h3>\n<p><strong>Bloque <\/strong><strong>\u00a01<\/strong><\/p>\n<ul>\n<li>Desarrollo de cuerpos acad\u00e9micos y grupos disciplinarios<\/li>\n<li>Redes interinstitucionales<\/li>\n<li>Consolidaci\u00f3n de cuerpos acad\u00e9micos<\/li>\n<li>Desarrollo de investigaci\u00f3n y posgrado<\/li>\n<li>Acuerdos de intenci\u00f3n y cartas compromiso<\/li>\n<\/ul>\n<p><strong>Bloque <\/strong><strong>\u00a02<\/strong><\/p>\n<ul>\n<li>Proyectos de investigaci\u00f3n y grados de madurez tecnol\u00f3gica<\/li>\n<li>Transferencia tecnol\u00f3gica<\/li>\n<li>Portafolios tecnol\u00f3gicos<\/li>\n<li>Patentes y licenciamientos<\/li>\n<li>Financiamiento cient\u00edfico<\/li>\n<\/ul>\n<p><strong>Bloque <\/strong><strong>\u00a03<\/strong><\/p>\n<ul>\n<li>Mesa tem\u00e1tica especializada 1. Innovaci\u00f3n tecnol\u00f3gica<\/li>\n<li>Mesa tem\u00e1tica especializada 2. Innovaci\u00f3n productiva<\/li>\n<\/ul>\n<p><strong>Bloque <\/strong><strong>\u00a04<\/strong><\/p>\n<ul>\n<li>Mesa tem\u00e1tica especializada 3. Innovaci\u00f3n empresarial<\/li>\n<li>Espacio especial para proyectos empresariales y emprendimientos<\/li>\n<\/ul>\n<p><strong>Bloque <\/strong><strong>\u00a05<\/strong><\/p>\n<ul>\n<li>Mesa tem\u00e1tica especializada 4. Innovaci\u00f3n educativa<\/li>\n<\/ul>\n<p><strong>Bloque <\/strong><strong>\u00a06<\/strong><\/p>\n<ul>\n<li>Mesa tem\u00e1tica especializada 5. Innovaci\u00f3n social<\/li>\n<\/ul>\n<p>&nbsp;<\/p>\n<h4 style=\"text-align: center;\"><strong><u>Cuerpos Acad\u00e9micos <\/u><\/strong><\/h4>\n<p>Los cuerpos acad\u00e9micos y grupos disciplinarios tendr\u00e1n acceso a las activides de:<\/p>\n<ul>\n<li>Talleres especializados<\/li>\n<li>Agenda de Cuerpos Acad\u00e9micos, Grupos Disciplinarios y de Investigaci\u00f3n 2021-2023<\/li>\n<li>Formaci\u00f3n y desarrollo de indicadores institucionales para integrantes de cuerpos acad\u00e9micos<\/li>\n<li>Presentaci\u00f3n de libros<\/li>\n<li>Mesa de trabajo para trabajo colaborativo en redes<\/li>\n<\/ul>\n<h4 style=\"text-align: center;\"><strong><u>Ponencias <\/u><\/strong><\/h4>\n<p>La participaci\u00f3n en el congreso en la modalidad de <strong>Ponencia<\/strong> podr\u00e1 hacerse en cualquier editor pero deber\u00e1 ser presentado en formato PDF y mandar grabada la ponencia en cualqueir formato de video con las caracter\u00edsticas enunciadas mas adelante independientemente de la elecci\u00f3n de presentarla en tiempo real de manera sincr\u00f3nica.[\/vc_column_text]<span class=\"et-gap et-clearfix et-gap-371053\"><\/span>[vc_separator border_width=&#8221;2&#8243;]<span class=\"et-gap et-clearfix et-gap-371053\"><\/span>[vc_column_text animation_delay=&#8221;0&#8243;]\n<h3 style=\"text-align: center;\">Fecha de participaci\u00f3n<\/h3>\n<h4>Las inscripciones estar\u00e1n abierta del 1 de julio al 30 de agosto de 2021.<\/h4>\n<h4>El periodo para mandar los res\u00famenes de las ponencias es del 15 de julio al 30 de septiembre de 2021.<\/h4>\n<h4>El periodo para mandar el extenso de la ponencia es del 15 de julio al 15 de octubre de 2021. No habr\u00e1 pr\u00f3rroga.<\/h4>\n<h4>El periodo de pago es del 15 de \u00a0julio al 30 de septiembre de 2021.<\/h4>\n<h4>La publicaci\u00f3n del rol de ponencias \u00a0ser\u00e1 el \u00a030 de octubre de 2021.<\/h4>\n[\/vc_column_text]<span class=\"et-gap et-clearfix et-gap-371053\"><\/span>[vc_separator border_width=&#8221;2&#8243;][\/vc_column][\/vc_row][vc_row][vc_column]<span class=\"et-gap et-clearfix et-gap-371053\"><\/span>[vc_btn title=&#8221;Home&#8221; color=&#8221;primary&#8221; size=&#8221;lg&#8221; align=&#8221;center&#8221; link=&#8221;url:https%3A%2F%2Fredibai.org%2Fred&#8221;][\/vc_column][\/vc_row]\n","protected":false},"excerpt":{"rendered":"<p>[vc_row][vc_column][vc_column_text animation_delay=&#8221;0&#8243;] Congreso Internacional de Resultados de Investigaci\u00f3n CIRI 2021. Convocatoria dirigida a cuerpos acad\u00e9micos, grupos disciplinarios y miembros de redes tem\u00e1ticas Conacyt y PRODEP [\/vc_column_text][vc_separator border_width=&#8221;2&#8243;][\/vc_column][\/vc_row][vc_row][vc_column width=&#8221;1\/2&#8243;][vc_single_image image=&#8221;2606&#8243;][\/vc_column][vc_column width=&#8221;1\/2&#8243;][vc_cta h2=&#8221;Participa en este magno evento!&#8221;]Baja la convocatoria para participar en la edici\u00f3n de CIRI 2021; evento que estar\u00e1 coordinado por el\u00a0TecNM Campus \u00darsulo Galv\u00e1n y [&hellip;]<\/p>\n","protected":false},"author":1,"featured_media":0,"parent":0,"menu_order":0,"comment_status":"closed","ping_status":"closed","template":"","meta":[],"_links":{"self":[{"href":"https:\/\/redibai.org\/index.php?rest_route=\/wp\/v2\/pages\/2706"}],"collection":[{"href":"https:\/\/redibai.org\/index.php?rest_route=\/wp\/v2\/pages"}],"about":[{"href":"https:\/\/redibai.org\/index.php?rest_route=\/wp\/v2\/types\/page"}],"author":[{"embeddable":true,"href":"https:\/\/redibai.org\/index.php?rest_route=\/wp\/v2\/users\/1"}],"replies":[{"embeddable":true,"href":"https:\/\/redibai.org\/index.php?rest_route=%2Fwp%2Fv2%2Fcomments&post=2706"}],"version-history":[{"count":4,"href":"https:\/\/redibai.org\/index.php?rest_route=\/wp\/v2\/pages\/2706\/revisions"}],"predecessor-version":[{"id":2769,"href":"https:\/\/redibai.org\/index.php?rest_route=\/wp\/v2\/pages\/2706\/revisions\/2769"}],"wp:attachment":[{"href":"https:\/\/redibai.org\/index.php?rest_route=%2Fwp%2Fv2%2Fmedia&parent=2706"}],"curies":[{"name":"wp","href":"https:\/\/api.w.org\/{rel}","templated":true}]}}