{"id":2680,"date":"2021-07-06T17:45:39","date_gmt":"2021-07-06T17:45:39","guid":{"rendered":"https:\/\/redibai.org\/red\/?page_id=2680"},"modified":"2021-07-12T06:27:18","modified_gmt":"2021-07-12T06:27:18","slug":"publicaciones","status":"publish","type":"page","link":"https:\/\/redibai.org\/?page_id=2680","title":{"rendered":"Publicaciones"},"content":{"rendered":"[vc_row][vc_column][vc_cta h2=&#8221;Publicaciones con International Standard Book Number e International Standard Serial Number&#8221;]<span class=\"JsGRdQ\">Publicaciones de redes acad\u00e9micas de investigaci\u00f3n y resultados de investigaci\u00f3n.\u00a0<\/span>[\/vc_cta][vc_column_text animation_delay=&#8221;0&#8243;]\n<p style=\"text-align: center;\"><a href=\"https:\/\/redibai.org\/red\/?page_id=2697\" target=\"_blank\" rel=\"noopener\">Tu tambi\u00e9n puedes incrementar tu productividad confiando en nosotros tu trabajo acad\u00e9mico. Explora la convocatoria Editorial 2021 para cuerpos acad\u00e9micos, grupos de investigaci\u00f3n, redes tem\u00e1ticas CONACyT y PRODEP. \u00a0<strong>Ver mas&#8230;<\/strong><\/a><\/p>\n[\/vc_column_text]<span class=\"et-gap et-clearfix et-gap-597006\"><\/span>[vc_custom_heading text=&#8221;Convocatoria Editorial 2021&#8230;ver mas&#8221; font_container=&#8221;tag:h2|text_align:center&#8221; link=&#8221;url:https%3A%2F%2Fredibai.org%2Fred%2F%3Fpage_id%3D2697&#8243;][vc_separator border_width=&#8221;3&#8243;]<span class=\"et-gap et-clearfix et-gap-597006\"><\/span>[\/vc_column][\/vc_row][vc_row][vc_column width=&#8221;1\/3&#8243;][vc_single_image image=&#8221;2723&#8243; img_size=&#8221;260&#215;350&#8243; alignment=&#8221;center&#8221; onclick=&#8221;link_image&#8221;]<span class=\"et-gap et-clearfix et-gap-597006\"><\/span>[\/vc_column][vc_column width=&#8221;1\/3&#8243;][vc_single_image image=&#8221;2722&#8243; img_size=&#8221;260&#215;350&#8243; alignment=&#8221;center&#8221; onclick=&#8221;link_image&#8221;]<span class=\"et-gap et-clearfix et-gap-597006\"><\/span>[\/vc_column][vc_column width=&#8221;1\/3&#8243;][vc_single_image image=&#8221;2725&#8243; img_size=&#8221;260&#215;350&#8243; alignment=&#8221;center&#8221; onclick=&#8221;link_image&#8221;]<span class=\"et-gap et-clearfix et-gap-597006\"><\/span>[\/vc_column][\/vc_row][vc_row][vc_column width=&#8221;1\/3&#8243;][vc_single_image image=&#8221;2731&#8243; img_size=&#8221;260&#215;350&#8243; alignment=&#8221;center&#8221; onclick=&#8221;link_image&#8221;]<span class=\"et-gap et-clearfix et-gap-597006\"><\/span>[\/vc_column][vc_column width=&#8221;1\/3&#8243;][vc_single_image image=&#8221;2732&#8243; img_size=&#8221;260&#215;350&#8243; alignment=&#8221;center&#8221; onclick=&#8221;link_image&#8221;]<span class=\"et-gap et-clearfix et-gap-597006\"><\/span>[\/vc_column][vc_column width=&#8221;1\/3&#8243;][vc_single_image image=&#8221;2724&#8243; img_size=&#8221;260&#215;350&#8243; alignment=&#8221;center&#8221; onclick=&#8221;link_image&#8221;]<span class=\"et-gap et-clearfix et-gap-597006\"><\/span>[\/vc_column][\/vc_row][vc_row][vc_column width=&#8221;1\/3&#8243;][vc_single_image image=&#8221;2727&#8243; img_size=&#8221;260&#215;350&#8243; alignment=&#8221;center&#8221; onclick=&#8221;link_image&#8221;]<span class=\"et-gap et-clearfix et-gap-597006\"><\/span>[\/vc_column][vc_column width=&#8221;1\/3&#8243;][vc_single_image image=&#8221;2726&#8243; img_size=&#8221;260&#215;350&#8243; alignment=&#8221;center&#8221; onclick=&#8221;link_image&#8221;]<span class=\"et-gap et-clearfix et-gap-482645\"><\/span>[\/vc_column][vc_column width=&#8221;1\/3&#8243;][vc_single_image image=&#8221;2721&#8243; img_size=&#8221;260&#215;350&#8243; alignment=&#8221;center&#8221; onclick=&#8221;link_image&#8221;]<span class=\"et-gap et-clearfix et-gap-597006\"><\/span>[\/vc_column][\/vc_row][vc_row][vc_column width=&#8221;1\/3&#8243;][vc_single_image image=&#8221;2716&#8243; img_size=&#8221;260&#215;350&#8243; alignment=&#8221;center&#8221; onclick=&#8221;link_image&#8221;]<span class=\"et-gap et-clearfix et-gap-597006\"><\/span>[\/vc_column][vc_column width=&#8221;1\/3&#8243;][vc_single_image image=&#8221;2717&#8243; img_size=&#8221;260&#215;350&#8243; alignment=&#8221;center&#8221; onclick=&#8221;link_image&#8221;]<span class=\"et-gap et-clearfix et-gap-482645\"><\/span>[\/vc_column][vc_column width=&#8221;1\/3&#8243;][vc_single_image image=&#8221;2719&#8243; img_size=&#8221;260&#215;350&#8243; alignment=&#8221;center&#8221; onclick=&#8221;link_image&#8221;]<span class=\"et-gap et-clearfix et-gap-597006\"><\/span>[\/vc_column][\/vc_row][vc_row][vc_column width=&#8221;1\/3&#8243;][vc_single_image image=&#8221;2720&#8243; img_size=&#8221;260&#215;350&#8243; alignment=&#8221;center&#8221; onclick=&#8221;link_image&#8221;]<span class=\"et-gap et-clearfix et-gap-597006\"><\/span>[\/vc_column][vc_column width=&#8221;1\/3&#8243;][vc_single_image image=&#8221;2718&#8243; img_size=&#8221;260&#215;350&#8243; alignment=&#8221;center&#8221; onclick=&#8221;link_image&#8221;]<span class=\"et-gap et-clearfix et-gap-482645\"><\/span>[\/vc_column][vc_column width=&#8221;1\/3&#8243;][vc_single_image image=&#8221;2726&#8243; img_size=&#8221;260&#215;350&#8243; alignment=&#8221;center&#8221; onclick=&#8221;link_image&#8221;]<span class=\"et-gap et-clearfix et-gap-597006\"><\/span>[\/vc_column][\/vc_row][vc_row][vc_column][\/vc_column][\/vc_row][vc_row][vc_column]<span class=\"et-gap et-clearfix et-gap-597006\"><\/span>[\/vc_column][\/vc_row][vc_row][vc_column][vc_separator border_width=&#8221;3&#8243;]<span class=\"et-gap et-clearfix et-gap-87541\"><\/span>[vc_custom_heading text=&#8221;Accede al Repositorio REDIBAI-MYD&#8221; font_container=&#8221;tag:h2|text_align:center&#8221; link=&#8221;url:http%3A%2F%2Fredibai-myd.org%2Fportal%2Fcategory%2Fpublicaciones%2F|target:_blank&#8221;]<span class=\"et-gap et-clearfix et-gap-87541\"><\/span>[vc_separator border_width=&#8221;3&#8243;][\/vc_column][\/vc_row][vc_row][vc_column width=&#8221;1\/3&#8243;][\/vc_column][vc_column animation_delay=&#8221;0&#8243; width=&#8221;1\/3&#8243; text_align=&#8221;center&#8221; element_id=&#8221;533170&#8243; crp=&#8221;374:i:i,375-767:i:i,768-1023:i:i,1024-1279:i:i,1280-1599:i:i,1600-1919:i:i&#8221;]<span class=\"et-gap et-clearfix et-gap-87541\"><\/span>[vc_btn title=&#8221;Home&#8221; color=&#8221;primary&#8221; link=&#8221;url:https%3A%2F%2Fredibai.org%2Fred%2F&#8221;]<span class=\"et-gap et-clearfix et-gap-87541\"><\/span>[\/vc_column][vc_column width=&#8221;1\/3&#8243;][\/vc_column][\/vc_row][vc_row][vc_column][\/vc_column][\/vc_row]\n","protected":false},"excerpt":{"rendered":"<p>[vc_row][vc_column][vc_cta h2=&#8221;Publicaciones con International Standard Book Number e International Standard Serial Number&#8221;]Publicaciones de redes acad\u00e9micas de investigaci\u00f3n y resultados de investigaci\u00f3n.\u00a0[\/vc_cta][vc_column_text animation_delay=&#8221;0&#8243;] Tu tambi\u00e9n puedes incrementar tu productividad confiando en nosotros tu trabajo acad\u00e9mico. Explora la convocatoria Editorial 2021 para cuerpos acad\u00e9micos, grupos de investigaci\u00f3n, redes tem\u00e1ticas CONACyT y PRODEP. \u00a0Ver mas&#8230; [\/vc_column_text][vc_custom_heading text=&#8221;Convocatoria Editorial [&hellip;]<\/p>\n","protected":false},"author":1,"featured_media":0,"parent":0,"menu_order":0,"comment_status":"closed","ping_status":"closed","template":"","meta":[],"_links":{"self":[{"href":"https:\/\/redibai.org\/index.php?rest_route=\/wp\/v2\/pages\/2680"}],"collection":[{"href":"https:\/\/redibai.org\/index.php?rest_route=\/wp\/v2\/pages"}],"about":[{"href":"https:\/\/redibai.org\/index.php?rest_route=\/wp\/v2\/types\/page"}],"author":[{"embeddable":true,"href":"https:\/\/redibai.org\/index.php?rest_route=\/wp\/v2\/users\/1"}],"replies":[{"embeddable":true,"href":"https:\/\/redibai.org\/index.php?rest_route=%2Fwp%2Fv2%2Fcomments&post=2680"}],"version-history":[{"count":11,"href":"https:\/\/redibai.org\/index.php?rest_route=\/wp\/v2\/pages\/2680\/revisions"}],"predecessor-version":[{"id":2771,"href":"https:\/\/redibai.org\/index.php?rest_route=\/wp\/v2\/pages\/2680\/revisions\/2771"}],"wp:attachment":[{"href":"https:\/\/redibai.org\/index.php?rest_route=%2Fwp%2Fv2%2Fmedia&parent=2680"}],"curies":[{"name":"wp","href":"https:\/\/api.w.org\/{rel}","templated":true}]}}