{"id":2589,"date":"2021-07-04T18:05:54","date_gmt":"2021-07-04T18:05:54","guid":{"rendered":"https:\/\/redibai.org\/red\/?page_id=2589"},"modified":"2022-10-21T21:00:20","modified_gmt":"2022-10-21T21:00:20","slug":"ped2021-23","status":"publish","type":"page","link":"https:\/\/redibai.org\/?page_id=2589","title":{"rendered":"Ped2021-23"},"content":{"rendered":"[vc_row][vc_column][vc_column_text animation_delay=&#8221;0&#8243;]\n<h2 style=\"text-align: center;\"><a name=\"_Toc29858537\"><\/a>Ejes del Programa\u00a0Estrat\u00e9gico para el Desarrollo del Posgrado e Investigaci\u00f3n 2021-2023<\/h2>\n<p>En diferentes escenarios nacionales e internacionales, se ha reconocido como tema de la m\u00e1s alta prioridad, el papel estrat\u00e9gico de la Educaci\u00f3n Superior en la generaci\u00f3n del conocimiento cient\u00edfico-tecnol\u00f3gico y su impacto en el desarrollo humano y bienestar social de su \u00e1rea de influencia.<\/p>\n<p>La Educaci\u00f3n Superior Tecnol\u00f3gica es fundamental para el desarrollo de nuestro pa\u00eds, siendo un componente muy importante del sector educativo actualmente participa en el desarrollo social, tecnol\u00f3gico, cient\u00edfico, econ\u00f3mico, deportivo y cultural como componente estrat\u00e9gico de la sociedad y su contexto.<\/p>\n<p>Ante tal reto, IES-Red Iberoamericana de Academias de Investigaci\u00f3n REDIBAI presenta los siguientes ejes para lograr la consolidaci\u00f3n del posgrado e investigaci\u00f3n en el periodo de 2021-2023:[\/vc_column_text]<span class=\"et-gap et-clearfix et-gap-1\"><\/span>[vc_separator border_width=&#8221;2&#8243;]<span class=\"et-gap et-clearfix et-gap-1\"><\/span>[\/vc_column][\/vc_row][vc_row][vc_column width=&#8221;1\/3&#8243;][vc_cta h2=&#8221;Eje 1&#8243;]Formaci\u00f3n del docente en maestr\u00eda y doctorado[\/vc_cta][\/vc_column][vc_column width=&#8221;1\/3&#8243;][vc_cta h2=&#8221;Eje 2&#8243;]Consolidaci\u00f3n de cuerpos acad\u00e9micos y grupos disciplinarios[\/vc_cta][\/vc_column][vc_column width=&#8221;1\/3&#8243;][vc_cta h2=&#8221;Eje 3&#8243;]Desarrollo de n\u00facleos acad\u00e9micos con perfil SEP-CONACyT[\/vc_cta][\/vc_column][\/vc_row][vc_row][vc_column]<span class=\"et-gap et-clearfix et-gap-1\"><\/span>[\/vc_column][\/vc_row][vc_row][vc_column width=&#8221;1\/3&#8243;][vc_cta h2=&#8221;Eje 4&#8243;]Fortalecimiento de L\u00edneas Innovadoras de Investigaci\u00f3n Aplicada y Desarrollo Tecnol\u00f3gico (LIIADT) y L\u00edneas de Generaci\u00f3n y Aplicaci\u00f3n del Conocimiento (LGAC)[\/vc_cta]<span class=\"et-gap et-clearfix et-gap-1\"><\/span>[\/vc_column][vc_column width=&#8221;1\/3&#8243;][vc_cta h2=&#8221;Eje 5&#8243;]Innovaci\u00f3n y transferencia tecnol\u00f3gica aplicada a problemas regionales, sociales y productivos[\/vc_cta]<span class=\"et-gap et-clearfix et-gap-1\"><\/span>[\/vc_column][vc_column width=&#8221;1\/3&#8243;][vc_cta h2=&#8221;Eje 6&#8243;]Estrategia tecnol\u00f3gica en vinculaci\u00f3n con los sectores productivo, industrial, comercial, social y ambiental en los \u00e1mbitos regional, estatal y nacional[\/vc_cta]<span class=\"et-gap et-clearfix et-gap-1\"><\/span>[\/vc_column][\/vc_row][vc_row][vc_column width=&#8221;1\/3&#8243;][vc_cta h2=&#8221;Eje 7&#8243;]Desarrollo de Mecanismos de divulgaci\u00f3n[\/vc_cta]<span class=\"et-gap et-clearfix et-gap-1\"><\/span>[\/vc_column][vc_column width=&#8221;1\/3&#8243;][vc_cta h2=&#8221;Eje 8&#8243;]Integraci\u00f3n de redes de Investigaci\u00f3n Multi e interdisciplinaria[\/vc_cta]<span class=\"et-gap et-clearfix et-gap-1\"><\/span>[\/vc_column][vc_column width=&#8221;1\/3&#8243;][vc_cta h2=&#8221;Eje 9&#8243;]Consolidaci\u00f3n de identidad tecnol\u00f3gica[\/vc_cta]<span class=\"et-gap et-clearfix et-gap-1\"><\/span>[\/vc_column][\/vc_row][vc_row][vc_column width=&#8221;1\/3&#8243;][vc_cta h2=&#8221;Eje 10&#8243;]Planeaci\u00f3n, evaluaci\u00f3n y acreditaci\u00f3n de programas[\/vc_cta][\/vc_column][vc_column width=&#8221;1\/3&#8243;][vc_cta h2=&#8221;Eje 11&#8243;]Fomento de factibilidad de programas de posgrado[\/vc_cta][\/vc_column][vc_column width=&#8221;1\/3&#8243;][vc_cta h2=&#8221;Eje 12&#8243;]Certificaci\u00f3n de competencias[\/vc_cta][\/vc_column][\/vc_row][vc_row][vc_column][\/vc_column][\/vc_row][vc_row][vc_column]<span class=\"et-gap et-clearfix et-gap-1\"><\/span>[vc_separator border_width=&#8221;2&#8243;][\/vc_column][\/vc_row][vc_row][vc_column][vc_cta h2=&#8221;Descarga la versi\u00f3n compelta del PED 2021-2023&#8243;]\n<h4 style=\"text-align: center;\"><a href=\"https:\/\/redibai.org\/red\/wp-content\/uploads\/PED2021-2023.pdf\" target=\"_blank\" rel=\"noopener\">PED2021-2023.pdf<\/a><\/h4>\n[\/vc_cta]<span class=\"et-gap et-clearfix et-gap-269100\"><\/span>[vc_separator border_width=&#8221;2&#8243;][\/vc_column][\/vc_row][vc_row][vc_column]<span class=\"et-gap et-clearfix et-gap-269100\"><\/span>[vc_btn title=&#8221;Home&#8221; color=&#8221;primary&#8221; size=&#8221;lg&#8221; align=&#8221;center&#8221; link=&#8221;url:https%3A%2F%2Fredibai.org%2Fred&#8221;][\/vc_column][\/vc_row][vc_row][vc_column]<span class=\"et-gap et-clearfix et-gap-891327\"><\/span>[\/vc_column][\/vc_row]\n","protected":false},"excerpt":{"rendered":"<p>[vc_row][vc_column][vc_column_text animation_delay=&#8221;0&#8243;] Ejes del Programa\u00a0Estrat\u00e9gico para el Desarrollo del Posgrado e Investigaci\u00f3n 2021-2023 En diferentes escenarios nacionales e internacionales, se ha reconocido como tema de la m\u00e1s alta prioridad, el papel estrat\u00e9gico de la Educaci\u00f3n Superior en la generaci\u00f3n del conocimiento cient\u00edfico-tecnol\u00f3gico y su impacto en el desarrollo humano y bienestar social de su \u00e1rea [&hellip;]<\/p>\n","protected":false},"author":1,"featured_media":0,"parent":0,"menu_order":0,"comment_status":"closed","ping_status":"closed","template":"","meta":[],"_links":{"self":[{"href":"https:\/\/redibai.org\/index.php?rest_route=\/wp\/v2\/pages\/2589"}],"collection":[{"href":"https:\/\/redibai.org\/index.php?rest_route=\/wp\/v2\/pages"}],"about":[{"href":"https:\/\/redibai.org\/index.php?rest_route=\/wp\/v2\/types\/page"}],"author":[{"embeddable":true,"href":"https:\/\/redibai.org\/index.php?rest_route=\/wp\/v2\/users\/1"}],"replies":[{"embeddable":true,"href":"https:\/\/redibai.org\/index.php?rest_route=%2Fwp%2Fv2%2Fcomments&post=2589"}],"version-history":[{"count":6,"href":"https:\/\/redibai.org\/index.php?rest_route=\/wp\/v2\/pages\/2589\/revisions"}],"predecessor-version":[{"id":2858,"href":"https:\/\/redibai.org\/index.php?rest_route=\/wp\/v2\/pages\/2589\/revisions\/2858"}],"wp:attachment":[{"href":"https:\/\/redibai.org\/index.php?rest_route=%2Fwp%2Fv2%2Fmedia&parent=2589"}],"curies":[{"name":"wp","href":"https:\/\/api.w.org\/{rel}","templated":true}]}}